{"id":2672,"date":"2022-02-09T16:52:09","date_gmt":"2022-02-09T16:52:09","guid":{"rendered":"https:\/\/anavieja.com\/politique-de-confidentialite\/"},"modified":"2024-10-30T13:24:10","modified_gmt":"2024-10-30T13:24:10","slug":"politique-de-confidentialite","status":"publish","type":"page","link":"https:\/\/anavieja.com\/fr\/politique-de-confidentialite\/","title":{"rendered":"Politique de confidentialit\u00e9"},"content":{"rendered":"<p>[et_pb_section fb_built=\u00a0\u00bb1&Prime; custom_padding_last_edited=\u00a0\u00bbon|phone\u00a0\u00bb admin_label=\u00a0\u00bbHeader\u00a0\u00bb _builder_version=\u00a0\u00bb4.18.0&Prime; _module_preset=\u00a0\u00bbdefault\u00a0\u00bb background_color=\u00a0\u00bb#e2e2e2&Prime; background_image=\u00a0\u00bbhttps:\/\/anavieja.com\/wp-content\/uploads\/2022\/10\/brush-bg-01d-anavieja-copia-scaled.webp\u00a0\u00bb background_size=\u00a0\u00bbcontain\u00a0\u00bb background_position=\u00a0\u00bbbottom_center\u00a0\u00bb overflow-x=\u00a0\u00bbhidden\u00a0\u00bb overflow-y=\u00a0\u00bbhidden\u00a0\u00bb custom_padding=\u00a0\u00bb275px||150px||false|false\u00a0\u00bb custom_padding_tablet=\u00a0\u00bb||25px||false|false\u00a0\u00bb custom_padding_phone=\u00a0\u00bb210px||0px||false|false\u00a0\u00bb animation_style=\u00a0\u00bbfade\u00a0\u00bb collapsed=\u00a0\u00bboff\u00a0\u00bb global_colors_info=\u00a0\u00bb{}\u00a0\u00bb][et_pb_row make_equal=\u00a0\u00bbon\u00a0\u00bb custom_padding_last_edited=\u00a0\u00bbon|tablet\u00a0\u00bb _builder_version=\u00a0\u00bb4.18.0&Prime; _module_preset=\u00a0\u00bbdefault\u00a0\u00bb z_index=\u00a0\u00bb10&Prime; max_width=\u00a0\u00bb80%\u00a0\u00bb custom_margin=\u00a0\u00bb-140px|auto|0px|auto|false|false\u00a0\u00bb custom_margin_tablet=\u00a0\u00bb-125px||||false|false\u00a0\u00bb custom_margin_phone=\u00a0\u00bb-90px||0px||false|false\u00a0\u00bb custom_margin_last_edited=\u00a0\u00bbon|phone\u00a0\u00bb custom_padding=\u00a0\u00bb4px||6px|||\u00a0\u00bb custom_padding_tablet=\u00a0\u00bb||0px||false|false\u00a0\u00bb custom_padding_phone=\u00a0\u00bb||0px||false|false\u00a0\u00bb animation_style=\u00a0\u00bbslide\u00a0\u00bb animation_direction=\u00a0\u00bbbottom\u00a0\u00bb animation_delay=\u00a0\u00bb250ms\u00a0\u00bb global_colors_info=\u00a0\u00bb{}\u00a0\u00bb][et_pb_column type=\u00a0\u00bb4_4&Prime; _builder_version=\u00a0\u00bb4.18.0&Prime; _module_preset=\u00a0\u00bbdefault\u00a0\u00bb custom_css_main_element=\u00a0\u00bbmargin: auto;\u00a0\u00bb global_colors_info=\u00a0\u00bb{}\u00a0\u00bb][et_pb_text _builder_version=\u00a0\u00bb4.18.0&Prime; _module_preset=\u00a0\u00bbc16985e1-e0d6-4022-964d-e2bfc04fa633&Prime; header_font=\u00a0\u00bbLato|900|||||||\u00a0\u00bb header_text_align=\u00a0\u00bbcenter\u00a0\u00bb header_text_color=\u00a0\u00bb#256aae\u00a0\u00bb header_font_size=\u00a0\u00bb52px\u00a0\u00bb header_line_height=\u00a0\u00bb1.1em\u00a0\u00bb custom_margin=\u00a0\u00bb||||false|false\u00a0\u00bb animation_style=\u00a0\u00bbfade\u00a0\u00bb header_text_align_tablet=\u00a0\u00bbcenter\u00a0\u00bb header_text_align_phone=\u00a0\u00bb\u00a0\u00bb header_text_align_last_edited=\u00a0\u00bbon|phone\u00a0\u00bb header_font_size_tablet=\u00a0\u00bb50px\u00a0\u00bb header_font_size_phone=\u00a0\u00bb36px\u00a0\u00bb header_font_size_last_edited=\u00a0\u00bbon|phone\u00a0\u00bb global_colors_info=\u00a0\u00bb{}\u00a0\u00bb]<\/p>\n<h1 class=\"et_pb_module_header\">POLITIQUE DE CONFIDENTIALIT\u00c9<\/h1>\n<p>[\/et_pb_text][\/et_pb_column][\/et_pb_row][\/et_pb_section][et_pb_section fb_built=\u00a0\u00bb1&Prime; _builder_version=\u00a0\u00bb4.18.0&Prime; background_color=\u00a0\u00bbRGBA(255,255,255,0)\u00a0\u00bb custom_margin=\u00a0\u00bb-100px||||false|false\u00a0\u00bb custom_margin_tablet=\u00a0\u00bb-40px||||false|false\u00a0\u00bb custom_margin_phone=\u00a0\u00bb-20px||||false|false\u00a0\u00bb custom_margin_last_edited=\u00a0\u00bbon|phone\u00a0\u00bb custom_padding=\u00a0\u00bb4px|||||\u00a0\u00bb animation_style=\u00a0\u00bbfade\u00a0\u00bb global_colors_info=\u00a0\u00bb{}\u00a0\u00bb][et_pb_row _builder_version=\u00a0\u00bb4.16&Prime; background_size=\u00a0\u00bbinitial\u00a0\u00bb background_position=\u00a0\u00bbtop_left\u00a0\u00bb background_repeat=\u00a0\u00bbrepeat\u00a0\u00bb global_colors_info=\u00a0\u00bb{}\u00a0\u00bb][et_pb_column type=\u00a0\u00bb4_4&Prime; _builder_version=\u00a0\u00bb4.16&Prime; custom_padding=\u00a0\u00bb|||\u00a0\u00bb global_colors_info=\u00a0\u00bb{}\u00a0\u00bb custom_padding__hover=\u00a0\u00bb|||\u00a0\u00bb][et_pb_text _builder_version=\u00a0\u00bb4.27.2&Prime; text_font=\u00a0\u00bbBarlow||||||||\u00a0\u00bb text_font_size=\u00a0\u00bb16px\u00a0\u00bb background_size=\u00a0\u00bbinitial\u00a0\u00bb background_position=\u00a0\u00bbtop_left\u00a0\u00bb background_repeat=\u00a0\u00bbrepeat\u00a0\u00bb hover_enabled=\u00a0\u00bb0&Prime; global_colors_info=\u00a0\u00bb{}\u00a0\u00bb sticky_enabled=\u00a0\u00bb0&Prime;]<!-- divi:heading --><\/p>\n<p>Conform\u00e9ment \u00e0 la loi 34\/2002, du 11 juillet, sur les services de la soci\u00e9t\u00e9 de l&rsquo;information et le commerce \u00e9lectronique, nous vous informons que le propri\u00e9taire de ce site web est :<\/p>\n<p>APERITIVOS DE A\u00d1AVIEJA, S.A. (CI-APR\u00c8S \u00ab\u00a0LE TITULAIRE\u00a0\u00bb)<br \/>\nNUM\u00c9RO DE TVA : A42146399<br \/>\nADRESSE DU \u00ab\u00a0TITULAIRE\u00a0\u00bb : CTRA DE A\u00d1AVIEJA, PK. 0,300 &#8211; 42108 &#8211; MURO-SORIA<br \/>\nEMAIL DE \u00ab\u00a0THE HEADLINE\u00a0\u00bb : administracion@anavieja.com<br \/>\nNUM\u00c9RO DE T\u00c9L\u00c9PHONE DU \u00ab\u00a0TITULAIRE\u00a0\u00bb :(+34) 976 19 00 80<br \/>\nInscrit au registre du commerce de Soria, Volume 105, Folio 195, Livre 55, Feuille SO-1327.<\/p>\n<p>&nbsp;<\/p>\n<p><strong>OBJECTIF DU TRAITEMENT DES DONN\u00c9ES \u00c0 CARACT\u00c8RE PERSONNEL<\/strong><\/p>\n<p>Notre soci\u00e9t\u00e9 conform\u00e9ment aux dispositions de la loi sur la protection des donn\u00e9es personnelles et le r\u00e8glement UE 2016\/679, dans le cas o\u00f9 vous nous envoyez un email \u00e0 l&rsquo;adresse indiqu\u00e9e dans celle-ci, ou remplissez tout formulaire de collecte de donn\u00e9es, ou nous appeler par t\u00e9l\u00e9phone, nous vous informons que les donn\u00e9es personnelles que vous fournissez, seront enregistr\u00e9es dans le fichier dont il est responsable <strong>\u00ab\u00a0LA LIGNE DE T\u00caTE<\/strong>Les donn\u00e9es que vous fournissez seront utilis\u00e9es dans le but de g\u00e9rer votre demande, de vous offrir nos produits et services, de maintenir une relation commerciale, ainsi que pour l&rsquo;envoi par tout moyen, y compris le courrier \u00e9lectronique ou d&rsquo;autres moyens \u00e9quivalents de communication \u00e9lectronique, d&rsquo;informations publicitaires ou promotionnelles sur les produits ou services de l&rsquo;entreprise, apr\u00e8s avoir pr\u00e9alablement demand\u00e9 votre consentement.<\/p>\n<p>&nbsp;<\/p>\n<p><strong>\u00ab\u00a0LA LIGNE DE T\u00caTE<\/strong> d\u00e9clare avoir adopt\u00e9 toutes les mesures de s\u00e9curit\u00e9 n\u00e9cessaires et appropri\u00e9es conform\u00e9ment aux dispositions du r\u00e8glement UE 2016\/679 et du d\u00e9cret royal 1720\/2007, du 21 d\u00e9cembre, qui approuve le r\u00e8glement d&rsquo;application de la LOPD et avoir mis en place tous les moyens techniques \u00e0 sa disposition afin d&rsquo;\u00e9viter la perte, l&rsquo;utilisation abusive, l&rsquo;alt\u00e9ration, l&rsquo;acc\u00e8s non autoris\u00e9 ou le vol des donn\u00e9es que vous fournissez. Faciliter<\/p>\n<p><strong>P\u00c9RIODE DE CONSERVATION DES DONN\u00c9ES \u00c0 CARACT\u00c8RE PERSONNEL<\/strong><\/p>\n<p>Les donn\u00e9es sont conserv\u00e9es pendant une dur\u00e9e n&rsquo;exc\u00e9dant pas celle n\u00e9cessaire \u00e0 la r\u00e9alisation des finalit\u00e9s pour lesquelles elles ont \u00e9t\u00e9 collect\u00e9es.<\/p>\n<p>Crit\u00e8res de conservation des donn\u00e9es : les donn\u00e9es sont conserv\u00e9es pendant la p\u00e9riode pr\u00e9vue par la loi, tant qu&rsquo;il existe un int\u00e9r\u00eat mutuel \u00e0 maintenir la finalit\u00e9 du traitement et lorsqu&rsquo;elles ne sont plus n\u00e9cessaires \u00e0 cette fin, tant que la relation contractuelle est maintenue, tant que leur suppression n&rsquo;est pas demand\u00e9e par la personne concern\u00e9e et qu&rsquo;elles ne doivent pas \u00eatre supprim\u00e9es parce qu&rsquo;elles sont n\u00e9cessaires au respect d&rsquo;une obligation l\u00e9gale ou \u00e0 la formulation, \u00e0 l&rsquo;exercice et \u00e0 la d\u00e9fense d&rsquo;une r\u00e9clamation. Elles sont effac\u00e9es avec des mesures de s\u00e9curit\u00e9 appropri\u00e9es pour garantir la pseudonymisation des donn\u00e9es ou leur destruction compl\u00e8te.<\/p>\n<p>Si l&rsquo;utilisateur r\u00e9voque son consentement ou exerce ses droits d&rsquo;annulation ou de suppression, ses donn\u00e9es personnelles seront bloqu\u00e9es \u00e0 la disposition de l&rsquo;Administration de la justice pendant les p\u00e9riodes pr\u00e9vues par la loi afin de r\u00e9pondre aux \u00e9ventuelles responsabilit\u00e9s d\u00e9coulant du traitement de ces donn\u00e9es. Les donn\u00e9es seront alors supprim\u00e9es avec des mesures de s\u00e9curit\u00e9 appropri\u00e9es pour garantir la pseudonymisation des donn\u00e9es ou leur destruction compl\u00e8te.<\/p>\n<p><strong>LA L\u00c9GITIMATION DU TRAITEMENT DES DONN\u00c9ES \u00c0 CARACT\u00c8RE PERSONNEL<\/strong><\/p>\n<p><strong>Le \u00ab\u00a0PROPRI\u00c9TAIRE\u00a0\u00bb<\/strong> a le droit d&rsquo;effectuer le traitement des donn\u00e9es \u00e0 caract\u00e8re personnel sur la base de ce qui suit :<\/p>\n<p>Le client a fourni des donn\u00e9es \u00e0 caract\u00e8re personnel pour des relations pr\u00e9contractuelles ou contractuelles.<\/p>\n<p>L&rsquo;utilisateur ou le client a donn\u00e9 son consentement \u00e9clair\u00e9 \u00e0 l&rsquo;envoi de communications commerciales, \u00e0 l&rsquo;installation de syst\u00e8mes de suivi des habitudes de navigation conform\u00e9ment \u00e0 la politique en mati\u00e8re de cookies, ou \u00e0 l&rsquo;envoi d&rsquo;informations demand\u00e9es par le biais de formulaires de contact.<\/p>\n<p>Il existe des obligations l\u00e9gales qui requi\u00e8rent le traitement de donn\u00e9es \u00e0 caract\u00e8re personnel conform\u00e9ment aux services fournis.<\/p>\n<p>&nbsp;<\/p>\n<p><strong>TRANSFERTS ET DESTINATAIRES DES DONN\u00c9ES \u00c0 CARACT\u00c8RE PERSONNEL<\/strong><\/p>\n<p>Tous les transferts suivants sont n\u00e9cessaires \u00e0 la r\u00e9alisation des objectifs susmentionn\u00e9s ou sont effectu\u00e9s dans le respect d&rsquo;une obligation l\u00e9gale. Les donn\u00e9es personnelles peuvent \u00eatre divulgu\u00e9es \u00e0<\/p>\n<p>Administrations publiques et administration de la justice.<\/p>\n<p>Les fournisseurs de services informatiques, y compris les services d'\u00a0\u00bbinformatique en nuage\u00a0\u00bb.<\/p>\n<p>&nbsp;<\/p>\n<p><strong>DROITS DES PARTIES INT\u00c9RESS\u00c9ES<\/strong><\/p>\n<p>Les utilisateurs\/clients peuvent exercer aupr\u00e8s de <strong>\u00ab\u00a0LE PROPRI\u00c9TAIRE<\/strong> \u00a0\u00bb les droits d&rsquo;acc\u00e8s, de rectification ou d&rsquo;effacement, de limitation du traitement, d&rsquo;opposition, de portabilit\u00e9, et de s&rsquo;opposer aux d\u00e9cisions individuelles automatis\u00e9es. De m\u00eame, ils peuvent r\u00e9voquer leur consentement s&rsquo;ils l&rsquo;ont donn\u00e9 pour une finalit\u00e9 sp\u00e9cifique et peuvent modifier leurs pr\u00e9f\u00e9rences \u00e0 tout moment.<\/p>\n<p>Ils peuvent \u00eatre exerc\u00e9s en envoyant un courrier \u00e9lectronique \u00e0 l&rsquo;adresse \u00e9lectronique ou \u00e0 l&rsquo;adresse indiqu\u00e9e dans la rubrique. L&rsquo;utilisateur est inform\u00e9 qu&rsquo;il peut adresser tout type de plainte concernant la protection des donn\u00e9es personnelles \u00e0 l&rsquo;Agence espagnole de protection des donn\u00e9es www.agpd.es, l&rsquo;Autorit\u00e9 espagnole de protection des donn\u00e9es.<\/p>\n<p>&nbsp;<\/p>\n<p><strong>DONN\u00c9ES SUR LES MINEURS<\/strong><\/p>\n<p>Notre soci\u00e9t\u00e9 ne collectera ni ne traitera les donn\u00e9es personnelles d&rsquo;<strong>enfants de moins de 16 ans<\/strong> sans se conformer pleinement aux exigences \u00e9nonc\u00e9es dans les r\u00e9glementations applicables en mati\u00e8re de protection des donn\u00e9es et dans le r\u00e8glement (UE) n\u00b0 679\/2016.<\/p>\n<p>Le traitement des donn\u00e9es \u00e0 caract\u00e8re personnel d&rsquo;un enfant est consid\u00e9r\u00e9 comme licite lorsque l&rsquo;enfant est \u00e2g\u00e9 d&rsquo;au moins 16 ans. Si l&rsquo;enfant est \u00e2g\u00e9 de moins de 16 ans, ce traitement n&rsquo;est consid\u00e9r\u00e9 comme licite que si, et seulement dans la mesure o\u00f9, le consentement a \u00e9t\u00e9 donn\u00e9 ou autoris\u00e9 par le titulaire de l&rsquo;autorit\u00e9 parentale ou de la tutelle sur l&rsquo;enfant.<\/p>\n<p>&nbsp;<\/p>\n<p><strong>DONN\u00c9ES PERSONNELLES DE TIERS<\/strong><\/p>\n<p>Dans le cas o\u00f9 les donn\u00e9es personnelles fournies appartiennent \u00e0 un tiers, l&rsquo;utilisateur garantit qu&rsquo;il a inform\u00e9 ce tiers de la pr\u00e9sente politique de confidentialit\u00e9 et qu&rsquo;il a obtenu son autorisation pour fournir ses donn\u00e9es au <strong>\u00ab\u00a0PROPRI\u00c9TAIRE\u00a0\u00bb<\/strong> aux fins susmentionn\u00e9es. Il garantit \u00e9galement l&rsquo;exactitude et la mise \u00e0 jour des donn\u00e9es fournies et est responsable de tout dommage ou pr\u00e9judice direct ou indirect pouvant r\u00e9sulter du non-respect de cette obligation.<\/p>\n<p>&nbsp;<\/p>\n<p><strong>CURRICULUM VITAE TRAITEMENT<\/strong><\/p>\n<p>Conform\u00e9ment au r\u00e8glement (UE) 2016\/679, nous vous demandons de consentir clairement \u00e0 la collecte de vos donn\u00e9es \u00e0 caract\u00e8re personnel et \u00e0 l&rsquo;utilisation que nous en ferons. C&rsquo;est pourquoi nous fournissons les informations de mani\u00e8re claire et concise, en indiquant \u00e9galement au candidat qu&rsquo;il peut demander une copie de ses donn\u00e9es, qui lui seront fournies dans un format structur\u00e9.<\/p>\n<p>Ainsi, si des CV n&rsquo;ont pas \u00e9t\u00e9 mis \u00e0 jour depuis plus de 24 mois, ils seront supprim\u00e9s ou bloqu\u00e9s pour \u00e9viter qu&rsquo;ils ne soient lus.<\/p>\n<p>Notre soci\u00e9t\u00e9 applique depuis des ann\u00e9es une politique de confidentialit\u00e9 rigoureuse aux donn\u00e9es des personnes qui ont \u00e9tabli des relations avec nous en nous envoyant leur curriculum vitae.<\/p>\n<p>Le traitement de vos donn\u00e9es a pour but de traiter votre demande d&#8217;emploi et de g\u00e9rer l&rsquo;\u00e9ventuelle proc\u00e9dure de s\u00e9lection, qui peut inclure la participation \u00e0 divers tests de s\u00e9lection.<\/p>\n<p>Par cons\u00e9quent, nous vous informons que vos donn\u00e9es ont \u00e9t\u00e9 incluses dans un fichier et qu&rsquo;elles peuvent \u00eatre transf\u00e9r\u00e9es \u00e0 des agences d&rsquo;int\u00e9rim ou \u00e0 d&rsquo;autres soci\u00e9t\u00e9s de recrutement, afin que vous puissiez participer \u00e0 des processus de recrutement ult\u00e9rieurs. Si vos donn\u00e9es ont chang\u00e9, veuillez nous en informer par \u00e9crit. Si vous n&rsquo;exprimez pas votre opposition par \u00e9crit dans un d\u00e9lai de 30 jours, nous consid\u00e9rons que vous donnez votre consentement aux traitements d\u00e9crits ci-dessus.<\/p>\n<p><strong> <\/strong><\/p>\n<p><strong>SOMMAIRE<\/strong><\/p>\n<p>Tous les contenus inclus dans la page Web et en particulier les marques, noms commerciaux, dessins industriels, mod\u00e8les, textes, photographies, graphiques, logos, ic\u00f4nes, logiciels ou tout autre signe susceptible d&rsquo;utilisation industrielle et commerciale sont prot\u00e9g\u00e9s par les droits de propri\u00e9t\u00e9 industrielle et intellectuelle du <strong>\u00ab\u00a0PROPRI\u00c9TAIRE\u00a0\u00bb<\/strong>.<\/p>\n<p>Toute utilisation et\/ou reproduction est donc interdite sans l&rsquo;accord expr\u00e8s de la soci\u00e9t\u00e9.<\/p>\n<p>&nbsp;<\/p>\n<p><strong>\u00ab\u00a0LA LIGNE DE T\u00caTE<\/strong> n&rsquo;est pas responsable des atteintes aux droits de propri\u00e9t\u00e9 intellectuelle ou industrielle de tiers qui pourraient d\u00e9couler de l&rsquo;inclusion sur le site web de marques, noms commerciaux, dessins industriels, brevets, mod\u00e8les, textes, photographies, graphiques, logos, ic\u00f4nes ou logiciels appartenant \u00e0 des tiers qui se sont d\u00e9clar\u00e9s propri\u00e9taires de ces derniers en les incluant sur le site web.<\/p>\n<p>L&rsquo;utilisateur s&rsquo;engage \u00e0 utiliser les contenus du site web de mani\u00e8re diligente, correcte et licite et s&rsquo;engage \u00e0 s&rsquo;abstenir de :<\/p>\n<ol>\n<li>a) utiliser les contenus \u00e0 des fins ou avec des effets contraires \u00e0 la loi, \u00e0 la morale, aux bonnes m\u0153urs ou \u00e0 l&rsquo;ordre public.<\/li>\n<li>b) Reproduire, copier, distribuer, permettre l&rsquo;acc\u00e8s au public par toute forme de communication publique, transformer ou modifier les contenus, sauf autorisation du propri\u00e9taire.<\/li>\n<li>c) utiliser le contenu de la page Web pour envoyer de la publicit\u00e9, des communications \u00e0 des fins de vente directe ou \u00e0 toute autre fin commerciale, des messages non sollicit\u00e9s adress\u00e9s \u00e0 un certain nombre de personnes ind\u00e9pendamment de leur finalit\u00e9, ainsi que s&rsquo;abstenir de commercialiser ou de divulguer ces informations de quelque mani\u00e8re que ce soit.<\/li>\n<\/ol>\n<p>&nbsp;<\/p>\n<p>En cas de litige de quelque nature que ce soit, les deux parties s&rsquo;efforcent de parvenir \u00e0 un r\u00e8glement pacifique.<\/p>\n<p>Si cela n&rsquo;est pas possible, les tribunaux du si\u00e8ge social du <strong>\u00ab\u00a0PROPRI\u00c9TAIRE\u00a0\u00bb<\/strong> seront comp\u00e9tents pour conna\u00eetre de l&rsquo;affaire, sans qu&rsquo;il soit possible de recourir \u00e0 une autre juridiction pour exercer l&rsquo;action.<\/p>\n<p>LES UTILISATEURS QUI NE SONT PAS D&rsquo;ACCORD AVEC CETTE POLITIQUE NE DOIVENT PAS SAISIR DE DONN\u00c9ES PAR L&rsquo;INTERM\u00c9DIAIRE DE CE SITE WEB, NI ACC\u00c9DER \u00c0 SON CONTENU.<\/p>\n<p><!-- \/divi:paragraph -->[\/et_pb_text][\/et_pb_column][\/et_pb_row][\/et_pb_section]<\/p>\n","protected":false},"excerpt":{"rendered":"<p>POLITIQUE DE CONFIDENTIALIT\u00c9 Conform\u00e9ment \u00e0 la loi 34\/2002, du 11 juillet, sur les services de la soci\u00e9t\u00e9 de l&rsquo;information et le commerce \u00e9lectronique, nous vous informons que le propri\u00e9taire de ce site web est : APERITIVOS DE A\u00d1AVIEJA, S.A. (CI-APR\u00c8S \u00ab\u00a0LE TITULAIRE\u00a0\u00bb) NUM\u00c9RO DE TVA : A42146399 ADRESSE DU \u00ab\u00a0TITULAIRE\u00a0\u00bb : CTRA DE A\u00d1AVIEJA, PK. [&hellip;]<\/p>\n","protected":false},"author":2,"featured_media":0,"parent":0,"menu_order":0,"comment_status":"closed","ping_status":"closed","template":"","meta":{"_et_pb_use_builder":"on","_et_pb_old_content":"","_et_gb_content_width":"","footnotes":""},"class_list":["post-2672","page","type-page","status-publish","hentry"],"_links":{"self":[{"href":"https:\/\/anavieja.com\/fr\/wp-json\/wp\/v2\/pages\/2672","targetHints":{"allow":["GET"]}}],"collection":[{"href":"https:\/\/anavieja.com\/fr\/wp-json\/wp\/v2\/pages"}],"about":[{"href":"https:\/\/anavieja.com\/fr\/wp-json\/wp\/v2\/types\/page"}],"author":[{"embeddable":true,"href":"https:\/\/anavieja.com\/fr\/wp-json\/wp\/v2\/users\/2"}],"replies":[{"embeddable":true,"href":"https:\/\/anavieja.com\/fr\/wp-json\/wp\/v2\/comments?post=2672"}],"version-history":[{"count":5,"href":"https:\/\/anavieja.com\/fr\/wp-json\/wp\/v2\/pages\/2672\/revisions"}],"predecessor-version":[{"id":4242,"href":"https:\/\/anavieja.com\/fr\/wp-json\/wp\/v2\/pages\/2672\/revisions\/4242"}],"wp:attachment":[{"href":"https:\/\/anavieja.com\/fr\/wp-json\/wp\/v2\/media?parent=2672"}],"curies":[{"name":"wp","href":"https:\/\/api.w.org\/{rel}","templated":true}]}}