{"id":2677,"date":"2022-10-11T09:46:51","date_gmt":"2022-10-11T09:46:51","guid":{"rendered":"https:\/\/anavieja.com\/cookie-richtlinie\/"},"modified":"2023-08-03T07:52:08","modified_gmt":"2023-08-03T07:52:08","slug":"cookie-richtlinie","status":"publish","type":"page","link":"https:\/\/anavieja.com\/de\/cookie-richtlinie\/","title":{"rendered":"Cookie-Richtlinie"},"content":{"rendered":"<p>[et_pb_section fb_built=&#8220;1&#8243; custom_padding_last_edited=&#8220;on|phone&#8220; admin_label=&#8220;Header&#8220; _builder_version=&#8220;4.18.0&#8243; _module_preset=&#8220;default&#8220; background_color=&#8220;#e2e2e2&#8243; background_image=&#8220;https:\/\/anavieja.com\/wp-content\/uploads\/2022\/10\/brush-bg-01d-anavieja-copia-scaled.webp&#8220; background_size=&#8220;contain&#8220; background_position=&#8220;bottom_center&#8220; overflow-x=&#8220;hidden&#8220; overflow-y=&#8220;hidden&#8220; custom_padding=&#8220;275px||150px||false|false&#8220; custom_padding_tablet=&#8220;||25px||false|false&#8220; custom_padding_phone=&#8220;210px||0px||false|false&#8220; animation_style=&#8220;fade&#8220; collapsed=&#8220;off&#8220; global_colors_info=&#8220;{}&#8220;][et_pb_row make_equal=&#8220;on&#8220; custom_padding_last_edited=&#8220;on|tablet&#8220; _builder_version=&#8220;4.18.0&#8243; _module_preset=&#8220;default&#8220; z_index=&#8220;10&#8243; max_width=&#8220;80%&#8220; custom_margin=&#8220;-140px|auto|0px|auto|false|false&#8220; custom_margin_tablet=&#8220;-125px||||false|false&#8220; custom_margin_phone=&#8220;-90px||0px||false|false&#8220; custom_margin_last_edited=&#8220;on|phone&#8220; custom_padding=&#8220;4px||6px|||&#8220; custom_padding_tablet=&#8220;||0px||false|false&#8220; custom_padding_phone=&#8220;||0px||false|false&#8220; animation_style=&#8220;slide&#8220; animation_direction=&#8220;bottom&#8220; animation_delay=&#8220;250ms&#8220; global_colors_info=&#8220;{}&#8220;][et_pb_column type=&#8220;4_4&#8243; _builder_version=&#8220;4.18.0&#8243; _module_preset=&#8220;default&#8220; custom_css_main_element=&#8220;margin: auto;&#8220; global_colors_info=&#8220;{}&#8220;][et_pb_text _builder_version=&#8220;4.18.0&#8243; _module_preset=&#8220;c16985e1-e0d6-4022-964d-e2bfc04fa633&#8243; header_font=&#8220;Lato|900|||||||&#8220; header_text_align=&#8220;center&#8220; header_text_color=&#8220;#256aae&#8220; header_font_size=&#8220;52px&#8220; header_line_height=&#8220;1.1em&#8220; custom_margin=&#8220;||||false|false&#8220; animation_style=&#8220;fade&#8220; header_text_align_tablet=&#8220;center&#8220; header_text_align_phone=&#8220;&#8220; header_text_align_last_edited=&#8220;on|phone&#8220; header_font_size_tablet=&#8220;50px&#8220; header_font_size_phone=&#8220;36px&#8220; header_font_size_last_edited=&#8220;on|phone&#8220; global_colors_info=&#8220;{}&#8220;]<\/p>\n<h1 class=\"et_pb_module_header\">COOKIES-POLITIK<\/h1>\n<p>[\/et_pb_text][\/et_pb_column][\/et_pb_row][\/et_pb_section][et_pb_section fb_built=&#8220;1&#8243; _builder_version=&#8220;4.18.0&#8243; background_color=&#8220;RGBA(255,255,255,0)&#8220; custom_margin=&#8220;-100px||||false|false&#8220; custom_margin_tablet=&#8220;-40px||||false|false&#8220; custom_margin_phone=&#8220;-20px||||false|false&#8220; custom_margin_last_edited=&#8220;on|phone&#8220; custom_padding=&#8220;4px|||||&#8220; animation_style=&#8220;fade&#8220; global_colors_info=&#8220;{}&#8220;][et_pb_row _builder_version=&#8220;4.16&#8243; background_size=&#8220;initial&#8220; background_position=&#8220;top_left&#8220; background_repeat=&#8220;repeat&#8220; global_colors_info=&#8220;{}&#8220;][et_pb_column type=&#8220;4_4&#8243; _builder_version=&#8220;4.16&#8243; custom_padding=&#8220;|||&#8220; global_colors_info=&#8220;{}&#8220; custom_padding__hover=&#8220;|||&#8220;][et_pb_text _builder_version=&#8220;4.18.0&#8243; text_font=&#8220;Barlow||||||||&#8220; text_font_size=&#8220;16px&#8220; background_size=&#8220;initial&#8220; background_position=&#8220;top_left&#8220; background_repeat=&#8220;repeat&#8220; global_colors_info=&#8220;{}&#8220;]<\/p>\n<p><!-- divi:heading --><\/p>\n<h2 class=\"p1\">INFORMATIONEN \u00dcBER COOKIES<\/h2>\n<p class=\"p1\">Zweck dieser Richtlinie ist es, Sie in klarer und detaillierter Weise dar\u00fcber zu informieren, was ein Cookie ist, welchen Zweck es hat, welche Art von Cookies wir verwenden und wie Sie diese konfigurieren oder deaktivieren k\u00f6nnen.<\/p>\n<p>Wenn Sie im Internet surfen, k\u00f6nnen Sie in der Regel \u00fcber die Konfigurationsoptionen Ihres Browsers Cookies akzeptieren oder ablehnen.<\/p>\n<p>Wenn Sie Cookies deaktivieren, k\u00f6nnen Sie zwar weiterhin auf die Website zugreifen, aber das Surfen ist m\u00f6glicherweise nicht optimal, und einige der angebotenen Dienste funktionieren m\u00f6glicherweise nicht richtig.<\/p>\n<p>Larrad Comunicaci\u00f3n verwendet Cookies und andere \u00e4hnliche Technologien wie Local Shared Objects (im Folgenden &#8222;Cookies&#8220;), um Ihnen einen besseren Service zu bieten und das Surfen zu erleichtern.<\/p>\n<h2 class=\"p1\"><\/h2>\n<h2 class=\"p1\">WAS SIND COOKIES?<\/h2>\n<p class=\"p1\">Cookies und andere \u00e4hnliche Technologien wie Local Shared Objects, Flash-Cookies oder Pixel (im Folgenden &#8222;Cookies&#8220;) sind kleine Dateien, haupts\u00e4chlich Textdateien, die beim Besuch einer Website auf das Ger\u00e4t des Nutzers (PC, Smartphone, Tablet usw.) heruntergeladen werden und Informationen \u00fcber die Surfgewohnheiten des Nutzers speichern.<\/p>\n<p class=\"p1\">Einige Cookies sind f\u00fcr das ordnungsgem\u00e4\u00dfe Funktionieren von Websites unerl\u00e4sslich, wie z. B. technische Cookies oder Cookies zur Anpassung der Benutzeroberfl\u00e4che, bei anderen, wie z. B. Analyse-Cookies oder Cookies f\u00fcr verhaltensorientierte Werbung, m\u00fcssen wir Sie informieren und Ihre Zustimmung zu ihrer Verwendung einholen. Damit Sie Ihre Zustimmung in voller Kenntnis der Sachlage erteilen k\u00f6nnen, stellen wir Ihnen ausf\u00fchrliche Informationen dar\u00fcber zur Verf\u00fcgung, woraus die einzelnen Cookie-Typen bestehen und welchen Zweck sie jeweils erf\u00fcllen.<\/p>\n<h2 class=\"p1\"><\/h2>\n<h2 class=\"p1\">ARTEN VON COOKIES<\/h2>\n<p class=\"p1\"><strong>JE NACH ZWECK<\/strong><\/p>\n<ul>\n<li class=\"p1\"><strong>Technische und funktionelle Cookies:<\/strong><span> <\/span>sind diejenigen, die es dem Nutzer erm\u00f6glichen, auf einer Website, einer Plattform oder einer Anwendung zu surfen und die verschiedenen dort vorhandenen Optionen oder Dienste zu nutzen, einschlie\u00dflich der Verwaltung und des Betriebs der Website und der Erm\u00f6glichung ihrer Funktionen und Dienste, wie z. B. die Identifizierung der Sitzung, der Zugriff auf Teile mit eingeschr\u00e4nktem Zugang, die Erinnerung an die Elemente, aus denen eine Bestellung besteht, die Durchf\u00fchrung des Kaufprozesses einer Bestellung, die Verwaltung der Zahlung usw. Die Website kann ohne diese Cookies nicht ordnungsgem\u00e4\u00df funktionieren und sie werden daher als notwendig erachtet.<\/li>\n<li class=\"p1\"><strong>Pr\u00e4ferenz- oder Personalisierungs-Cookies:<\/strong><span> <\/span>es der Website erm\u00f6glichen, Informationen zu speichern, die das Verhalten oder das Aussehen der Website ver\u00e4ndern, so dass der Nutzer den Dienst mit bestimmten Merkmalen aufruft, die ihn von anderen Nutzern unterscheiden k\u00f6nnen, z. B. die Sprache, die Anzahl der Ergebnisse, die bei einer Suche angezeigt werden, oder die Region, in der sich der Nutzer befindet. Wenn der Nutzer diese Funktionen selbst ausw\u00e4hlt, beispielsweise durch Markieren der Sprachflagge, gilt dies als ausdr\u00fccklich angeforderter Dienst, sofern die Cookies ausschlie\u00dflich f\u00fcr den ausgew\u00e4hlten Zweck der Personalisierung verwendet werden.<\/li>\n<li class=\"p1\"><strong>Analyse- oder Mess-Cookies:<\/strong><span> <\/span>sind solche, die es erm\u00f6glichen zu verstehen, wie die Besucher mit den Webseiten interagieren, und somit statistische Analysen \u00fcber die Nutzung der angebotenen Dienste durch die Internetnutzer durchzuf\u00fchren. Die gesammelten Informationen werden zur Messung der Aktivit\u00e4t der Websites oder der Anwendung verwendet, um die von dem f\u00fcr die Verarbeitung Verantwortlichen angebotenen Produkte und Dienstleistungen zu verbessern.<\/li>\n<li class=\"p1\"><strong>Werbe-Cookies:<\/strong><span> <\/span>sind solche, die eine m\u00f6glichst effiziente Verwaltung der Werbefl\u00e4chen erm\u00f6glichen, die der Herausgeber gegebenenfalls auf einer Website, einer Anwendung oder einer Plattform eingerichtet hat, von der aus der angeforderte Dienst erbracht wird, und zwar auf der Grundlage von Kriterien wie dem bearbeiteten Inhalt oder der H\u00e4ufigkeit, mit der die Werbung angezeigt wird.<\/li>\n<li class=\"p1\"><strong>Cookies f\u00fcr verhaltensbasierte Werbung:<\/strong><span> <\/span>sammelt Informationen \u00fcber die Pr\u00e4ferenzen und pers\u00f6nlichen Entscheidungen des Nutzers (Retargeting), um eine m\u00f6glichst effiziente Verwaltung der Werbefl\u00e4chen zu erm\u00f6glichen, die der Herausgeber gegebenenfalls auf einer Website, einer Anwendung oder einer Plattform eingerichtet hat, von der aus der angeforderte Dienst bereitgestellt wird.<\/li>\n<li class=\"p1\"><strong>Soziale Cookies:<\/strong><span> <\/span>werden von Social-Media-Plattformen auf den Diensten eingerichtet, damit Sie Inhalte mit Ihren Freunden und Netzwerken teilen k\u00f6nnen. Plattformen f\u00fcr soziale Medien haben die M\u00f6glichkeit, Ihre Online-Aktivit\u00e4ten au\u00dferhalb der Dienste zu verfolgen. Dies kann sich auf die Inhalte und Nachrichten auswirken, die Sie bei anderen von Ihnen besuchten Diensten sehen.<\/li>\n<li class=\"p1\"><strong>Partner-Cookies:<\/strong><span> <\/span>erm\u00f6glicht die Verfolgung der Besuche von anderen Websites, mit denen die Website einen Partnerschaftsvertrag geschlossen hat (Partnerunternehmen).<\/li>\n<li class=\"p1\"><strong>Sicherheits-Cookies:<\/strong><span> <\/span>speichert verschl\u00fcsselte Informationen, um zu verhindern, dass die in ihnen gespeicherten Daten durch b\u00f6swillige Angriffe Dritter angreifbar sind.<\/li>\n<\/ul>\n<p>&nbsp;<\/p>\n<p><strong>NACH DEN EIGENTUMSVERH\u00c4LTNISSEN<\/strong><\/p>\n<ul>\n<li><strong>Eigene Cookies:<\/strong><span> <\/span>sind solche, die von einem Computer oder einer Dom\u00e4ne, die vom Herausgeber selbst verwaltet wird und von der aus der vom Benutzer angeforderte Dienst erbracht wird, an das Endger\u00e4t des Benutzers gesendet werden.<\/li>\n<li><strong>Cookies von Dritten:<\/strong><span> <\/span>Cookies sind solche, die an das Endger\u00e4t des Benutzers von einem Computer oder einer Dom\u00e4ne gesendet werden, die nicht vom Herausgeber verwaltet werden, sondern von einer anderen Einheit, die die durch die Cookies erhaltenen Daten verarbeitet; f\u00fcr den Fall, dass die Cookies von einem Computer oder einer Dom\u00e4ne serviert werden, die vom Herausgeber selbst verwaltet werden, aber die durch sie gesammelten Informationen von einer dritten Partei verwaltet werden, werden sie als Cookies von Dritten betrachtet.<\/li>\n<\/ul>\n<p>&nbsp;<\/p>\n<p><strong>ENTSPRECHEND DER HALTBARKEITSDAUER<\/strong><\/p>\n<ul>\n<li><strong>Sitzungscookies:<\/strong><span> <\/span>ist ein Cookie-Typ, der dazu dient, Daten zu sammeln und zu speichern, w\u00e4hrend der Benutzer auf eine Website zugreift.<\/li>\n<li><strong>Persistente Cookies:<\/strong><span> <\/span>ist eine Art von Cookie, bei dem die Daten auf dem Endger\u00e4t gespeichert bleiben und f\u00fcr einen von der f\u00fcr das Cookie verantwortlichen Partei festgelegten Zeitraum, der von einigen Minuten bis zu mehreren Jahren reichen kann, abgerufen und verarbeitet werden k\u00f6nnen.<\/li>\n<\/ul>\n<h2><\/h2>\n<h2>AUF DIESER WEBSITE VERWENDETE COOKIES<\/h2>\n<h2><strong>TECHNISCH UND FUNKTIONELL<\/strong><\/h2>\n<table width=\"1070\" cellspacing=\"0\">\n<tbody>\n<tr>\n<td bgcolor=\"#B9E6FF\">\n<p class=\"s2\"><strong>Eigentum<\/strong><\/p>\n<\/td>\n<td bgcolor=\"#B9E6FF\">\n<p class=\"s2\"><strong>Keks<\/strong><\/p>\n<\/td>\n<td bgcolor=\"#B9E6FF\">\n<p class=\"s2\"><strong>Zweck<\/strong><\/p>\n<\/td>\n<td bgcolor=\"#B9E6FF\">\n<p class=\"s2\"><strong>Deadline<\/strong><\/p>\n<\/td>\n<\/tr>\n<tr>\n<td>\n<p class=\"s3\">Eigene<\/p>\n<\/td>\n<td>\n<p class=\"s4\">CookieScriptCon gesendet<\/p>\n<\/td>\n<td>\n<p class=\"s3\">Cookies, die f\u00fcr die Nutzung der Optionen und Dienste der Website erforderlich sind.<\/p>\n<\/td>\n<td>\n<p class=\"s3\">in einem Monat<\/p>\n<\/td>\n<\/tr>\n<\/tbody>\n<\/table>\n<p>&nbsp;<\/p>\n<h2><strong>ANALYTIK<\/strong><\/h2>\n<table cellspacing=\"0\">\n<tbody>\n<tr>\n<td bgcolor=\"#B9E6FF\">\n<p class=\"s2\"><strong>Eigentum<\/strong><\/p>\n<\/td>\n<td bgcolor=\"#B9E6FF\">\n<p class=\"s2\"><strong>Keks<\/strong><\/p>\n<\/td>\n<td bgcolor=\"#B9E6FF\">\n<p class=\"s2\"><strong>Zweck<\/strong><\/p>\n<\/td>\n<td bgcolor=\"#B9E6FF\">\n<p class=\"s2\"><strong>Deadline<\/strong><\/p>\n<\/td>\n<\/tr>\n<tr>\n<td rowspan=\"3\">\n<p class=\"s3\">Dritte (und Google Analytics)<\/p>\n<\/td>\n<td>\n<p class=\"s4\">_ga<\/p>\n<\/td>\n<td>\n<p class=\"s3\">ID zur Identifizierung der Benutzer<\/p>\n<\/td>\n<td>\n<p class=\"s3\">in 2 Jahren<\/p>\n<\/td>\n<\/tr>\n<tr>\n<td>\n<p class=\"s4\">_gat<\/p>\n<\/td>\n<td>\n<p class=\"s3\">Dient zur \u00dcberwachung der Anzahl der Anfragen an den Google Analytics-Server bei Verwendung von Google Tag Manager.<\/p>\n<\/td>\n<td>\n<p class=\"s3\">Sitzung<\/p>\n<\/td>\n<\/tr>\n<tr>\n<td>\n<p class=\"s4\">_gid<\/p>\n<\/td>\n<td>\n<p class=\"s3\">ID, die zur Identifizierung der Benutzer f\u00fcr 24 Stunden nach der letzten Aktivit\u00e4t verwendet wird.<\/p>\n<\/td>\n<td>\n<p class=\"s3\">in 22 Stunden<\/p>\n<\/td>\n<\/tr>\n<\/tbody>\n<\/table>\n<h3><\/h3>\n<h2><strong>ANZEIGEN<\/strong><\/h2>\n<table cellspacing=\"0\" width=\"331\" height=\"250\">\n<tbody>\n<tr>\n<td bgcolor=\"#B9E6FF\">\n<p class=\"s2\"><strong>Eigentum<\/strong><\/p>\n<\/td>\n<td bgcolor=\"#B9E6FF\">\n<p class=\"s2\"><strong>Keks<\/strong><\/p>\n<\/td>\n<td bgcolor=\"#B9E6FF\">\n<p class=\"s2\"><strong>Zweck<\/strong><\/p>\n<\/td>\n<td bgcolor=\"#B9E6FF\">\n<p class=\"s2\"><strong>Deadline<\/strong><\/p>\n<\/td>\n<\/tr>\n<tr>\n<td rowspan=\"2\">\n<p class=\"s3\">Dritte (youtube.com)<\/p>\n<\/td>\n<td>\n<p class=\"s4\">BESUCHER_INFO1_ LIVE<\/p>\n<\/td>\n<td>\n<p class=\"s3\">Sie versucht, die Bandbreite der Nutzer auf YouTube-Seiten mit eingebetteten Videos zu sch\u00e4tzen.<\/p>\n<\/td>\n<td>\n<p class=\"s3\">in 6 Monaten<\/p>\n<\/td>\n<\/tr>\n<tr>\n<td>\n<p class=\"s4\">YSC<\/p>\n<\/td>\n<td>\n<p class=\"s3\">Sie zeichnet eine eindeutige ID auf, um Statistiken dar\u00fcber zu f\u00fchren, welche YouTube-Videos der Nutzer angeschaut hat.<\/p>\n<\/td>\n<td>\n<p class=\"s3\">Sitzung<\/p>\n<\/td>\n<\/tr>\n<\/tbody>\n<\/table>\n<h3>WENN SIE EIN COOKIE ENTDECKEN, DAS NICHT IN DEN OBIGEN TABELLEN BESCHRIEBEN IST, INFORMIEREN SIE BITTE DEN F\u00dcR DIE VERARBEITUNG VERANTWORTLICHEN, DAMIT ER MASSNAHMEN ERGREIFEN KANN.<\/h3>\n<h3><\/h3>\n<p>&nbsp;<\/p>\n<h2>DRITTANBIETER-COOKIES<\/h2>\n<p>Bitte beachten Sie, dass Sie, wenn Sie Cookies von Drittanbietern akzeptieren, diese in den Optionen Ihres Browsers oder in dem von dem Drittanbieter selbst angebotenen System l\u00f6schen m\u00fcssen.<\/p>\n<p>Auf die Dienste von Dritten hat der Herausgeber keinen Einfluss. Die Anbieter k\u00f6nnen ihre Nutzungsbedingungen, den Zweck und die Verwendung von Cookies usw. jederzeit \u00e4ndern. Externe Anbieter dieser Website:<\/p>\n<table cellspacing=\"0\" width=\"591\" height=\"5\">\n<tbody>\n<tr>\n<td bgcolor=\"#B9E6FF\">\n<p class=\"s2\"><strong>Herausgeber<\/strong><\/p>\n<\/td>\n<td bgcolor=\"#B9E6FF\">\n<p class=\"s2\"><strong>Datenschutzbestimmungen<\/strong><\/p>\n<\/td>\n<\/tr>\n<tr>\n<td>\n<p class=\"s3\">Google Analytics<\/p>\n<\/td>\n<td>https:\/\/policies.google.com\/privacy?hl=es<a class=\"s7\" href=\"https:\/\/policies.google.com\/technologies\/cookies?hl=es\" target=\"_blank\" rel=\"noopener\"> <\/a>https:\/\/policies.google.com\/technologies\/cookies?hl=es<a class=\"s5\" href=\"https:\/\/developers.google.com\/analytics\/devguides\/collection\/analyticsjs\/cookie-usage?hl=es\" target=\"_blank\" rel=\"noopener\">https:\/\/policies.google.com\/technologies\/cookies?hl=es<\/a><a class=\"s7\" href=\"https:\/\/developers.google.com\/analytics\/devguides\/collection\/analyticsjs\/cookie-usage?hl=es\" target=\"_blank\" rel=\"noopener\"> <\/a><a class=\"s5\" href=\"https:\/\/developers.google.com\/analytics\/devguides\/collection\/analyticsjs\/cookie-usage?hl=es\" target=\"_blank\" rel=\"noopener\"> https:\/\/developers.google.com\/analytics\/devguides\/collection\/analyticsjs\/cookie-usage?hl=es<\/a><\/td>\n<\/tr>\n<tr>\n<td>\n<p class=\"s3\">Youtube (Google)<\/p>\n<\/td>\n<td><a class=\"s7\" href=\"https:\/\/policies.google.com\/technologies\/cookies?hl=es\" target=\"_blank\" rel=\"noopener\">https:\/\/policies.google.com\/privacy?hl=es https:\/\/policies.google.com\/technologies\/cookies?hl=es<\/a><\/td>\n<\/tr>\n<\/tbody>\n<\/table>\n<h3><\/h3>\n<h3>SOZIALE NETZWERKE<\/h3>\n<p>Die sozialen Netzwerke, mit denen wir auf unserer Website interagieren, verwenden Cookies in ihren Freigabe-Schaltfl\u00e4chen. Wir haben keine Intervention, Kontrolle oder Berichterstattung \u00fcber die Ergebnisse, daf\u00fcr sind die einzelnen sozialen Netzwerke verantwortlich. Wenn sich der Nutzer mit den Zugangsdaten eines sozialen Netzwerks f\u00fcr einen Dienst anmeldet, gestattet er dem sozialen Netzwerk, ein dauerhaftes Cookie zu speichern, das seine Identit\u00e4t speichert und ihm Zugang zu den Diensten gew\u00e4hrt, bis es abl\u00e4uft. Der Nutzer kann dieses Cookie l\u00f6schen und den Zugang zu den Diensten \u00fcber soziale Netzwerke sperren, indem er seine Einstellungen im sozialen Netzwerk aktualisiert.<\/p>\n<p>&nbsp;<\/p>\n<h3>COOKIE-EINSTELLUNGSFELD<\/h3>\n<p>Sie k\u00f6nnen die Cookies, die die Website in Ihrem Browser installieren kann, konfigurieren, mit Ausnahme der technischen oder funktionellen Cookies, die f\u00fcr das Surfen und die Nutzung der verschiedenen angebotenen Optionen oder Dienste erforderlich sind, und zwar \u00fcber das Panel <b>COOKIES MANAGEMENT <\/b>unten links.<\/p>\n<p>&nbsp;<\/p>\n<p><strong>COOKIES ZULASSEN, BLOCKIEREN ODER L\u00d6SCHEN<\/strong><\/p>\n<p>Bitte beachten Sie, dass Sie, wenn Sie Cookies von Drittanbietern akzeptieren, diese in den Optionen Ihres Browsers oder in dem von den Drittanbietern selbst angebotenen System l\u00f6schen m\u00fcssen.<\/p>\n<p>Sie k\u00f6nnen die auf Ihrem Ger\u00e4t installierten Cookies \u00fcber das Konfigurationsmen\u00fc Ihres Internetbrowsers zulassen, blockieren oder l\u00f6schen, der so eingestellt werden kann, dass er Cookies blockiert oder den Benutzer warnt, wenn ein Server sie speichern will. Unter den folgenden Links finden Sie Informationen dar\u00fcber, wie Sie Cookies f\u00fcr jeden der wichtigsten Browser auf dem Markt konfigurieren und\/oder deaktivieren k\u00f6nnen, so dass der Nutzer selbst entscheiden kann, ob er die Verwendung von Cookies akzeptiert oder nicht.<\/p>\n<table cellspacing=\"0\">\n<tbody>\n<tr>\n<td>\n<p class=\"s4\">Chrom<\/p>\n<\/td>\n<td><a class=\"s8\" href=\"http:\/\/support.google.com\/chrome\/answer\/95647?hl=es\" target=\"_blank\" rel=\"noopener\">http:\/\/support.google.com\/chrome\/answer\/95647?hl=es<\/a><\/td>\n<\/tr>\n<tr>\n<td>\n<p class=\"s4\">Internet Explorer<\/p>\n<\/td>\n<td>\n<p class=\"s3\">https:\/\/support.microsoft.com\/es-es\/help\/17442\/windows-internet-explorer-delete-manage-cookies#ie=ie-10 https:\/\/support.microsoft.com\/es-es\/help\/278835\/how-to-delete-cookie-files-in-internet-explorer<\/p>\n<\/td>\n<\/tr>\n<tr>\n<td>\n<p class=\"s4\">Microsoft Edge<\/p>\n<\/td>\n<td>\n<p class=\"s3\">https:\/\/support.microsoft.com\/es-es\/help\/4027947\/microsoft-edge-delete-cookies<\/p>\n<\/td>\n<\/tr>\n<tr>\n<td>\n<p class=\"s4\">Firefox<\/p>\n<\/td>\n<td><a class=\"s8\" href=\"http:\/\/www.mozilla.org\/es-ES\/privacy\/websites\/#cookies\" target=\"_blank\" rel=\"noopener\">https:\/\/support.mozilla.org\/es\/products\/firefox\/protect-your-privacy\/cookies https:\/\/www.mozilla.org\/es-ES\/privacy\/websites\/#cookies<\/a><\/td>\n<\/tr>\n<tr>\n<td>\n<p class=\"s4\">Safari-Version<\/p>\n<\/td>\n<td>\n<p class=\"s3\">https:\/\/support.apple.com\/es-es\/guide\/safari\/sfri11471\/mac https:\/\/support.apple.com\/es-es\/HT201265<\/p>\n<\/td>\n<\/tr>\n<tr>\n<td>\n<p class=\"s4\">Oper<\/p>\n<\/td>\n<td><a class=\"s5\" href=\"https:\/\/help.opera.com\/en\/latest\/security-and-privacy\/#clearBrowsingData\" target=\"_blank\" rel=\"noopener\">https:\/\/help.opera.com\/en\/latest\/security-and-privacy\/#clearBrowsingData<\/a><\/td>\n<\/tr>\n<\/tbody>\n<\/table>\n<p>Sie k\u00f6nnen Ihre Zustimmung zur Verwendung von Cookies auch \u00fcber frei verf\u00fcgbare Online-Tools widerrufen. Einige Dritte bieten diese Ablehnung \u00fcber die folgenden Links an:<\/p>\n<ul id=\"l1\">\n<li>Ghostery<span class=\"p\">:<\/span><a href=\"http:\/\/www.ghostery.com\/\" target=\"_blank\" rel=\"noopener\"> <\/a><a href=\"http:\/\/www.ghostery.com\/\" target=\"_blank\" rel=\"noopener\">www.ghostery.com<\/a><\/li>\n<li>Ihr Online-Angebot<span class=\"p\">:<\/span><a href=\"http:\/\/www.youronlinechoices.com\/es\/\" target=\"_blank\" rel=\"noopener\"> <\/a><a href=\"http:\/\/www.youronlinechoices.com\/es\/\" target=\"_blank\" rel=\"noopener\">www.youronlinechoices.com<\/a><\/li>\n<li>Google Analytics<span class=\"p\">:<\/span><a href=\"https:\/\/tools.google.com\/dlpage\/gaoptout?hl=None\" target=\"_blank\" rel=\"noopener\"> <\/a><a href=\"https:\/\/tools.google.com\/dlpage\/gaoptout?hl=None\" target=\"_blank\" rel=\"noopener\">https:\/\/tools.google.com\/dlpage\/gaoptout?hl=None<\/a><\/li>\n<\/ul>\n<p>&nbsp;<\/p>\n<h2>VERARBEITUNG VON PERSONENBEZOGENEN DATEN<\/h2>\n<p>Larrad Comunicaci\u00f3n S.L.U.<span> <\/span><span class=\"p\">ist der f\u00fcr die Verarbeitung der personenbezogenen Daten der betroffenen Person Verantwortliche und teilt Ihnen mit, dass diese Daten gem\u00e4\u00df den Bestimmungen der Verordnung (EU) 2016\/679 vom 27. April 2016 (GDPR) verarbeitet werden und Ihnen daher die folgenden Informationen zur Verarbeitung zur Verf\u00fcgung gestellt werden:<\/span><\/p>\n<p><strong>Zwecke der Verarbeitung<\/strong><span class=\"p\"><span> <\/span>wie in dem Abschnitt \u00fcber die auf dieser Website verwendeten Cookies angegeben.<\/span><\/p>\n<p><strong>Legitimation der Verarbeitung<\/strong><span class=\"p\"><span> <\/span><strong> das<\/strong> berechtigte Interesse des f\u00fcr die Verarbeitung Verantwortlichen f\u00fcr technische und funktionelle Cookies (6.1f RGPD), und durch die Zustimmung der betroffenen Person f\u00fcr Cookies, die von den Vorschriften betroffen sind (analytische, Werbung, Zugeh\u00f6rigkeit, usw.) (6.1a RGPD).<\/span><\/p>\n<p><strong>Kriterien f\u00fcr die Datenspeicherung<\/strong><span class=\"p\"><span> <\/span>wie in dem Abschnitt \u00fcber die auf der Website verwendeten Cookies angegeben.<\/span><\/p>\n<p><strong>Weitergabe von Daten<\/strong><span class=\"p\"><span> <\/span>gibt keine Daten an Dritte weiter, mit Ausnahme von Cookies, die sich im Besitz von Dritten befinden oder aufgrund einer gesetzlichen Verpflichtung.<\/span><\/p>\n<p>\u00dcber die \u00dcbermittlungen in Drittl\u00e4nder, die gegebenenfalls von den in dieser Cookie-Richtlinie genannten Dritten vorgenommen werden, k\u00f6nnen Sie sich in deren entsprechenden Richtlinien informieren (siehe die Links im Abschnitt &#8222;Cookies von Dritten&#8220;).<\/p>\n<p>&nbsp;<\/p>\n<h2>RECHTE DER BETROFFENEN PERSON<span class=\"p\">:<\/span><\/h2>\n<p>Recht auf jederzeitigen Widerruf der Einwilligung.<\/p>\n<p>Das Recht auf Zugang, Berichtigung, \u00dcbertragbarkeit und L\u00f6schung Ihrer Daten sowie das Recht, die Verarbeitung einzuschr\u00e4nken oder abzulehnen.<\/p>\n<p>Das Recht, eine Beschwerde bei der Aufsichtsbeh\u00f6rde (www.aepd.es) einzureichen, wenn Sie der Meinung sind, dass die Verarbeitung nicht mit den geltenden Vorschriften \u00fcbereinstimmt.<\/p>\n<p><!-- \/divi:paragraph --><\/p>\n<p>[\/et_pb_text][\/et_pb_column][\/et_pb_row][\/et_pb_section]<\/p>\n","protected":false},"excerpt":{"rendered":"<p>COOKIES-POLITIK INFORMATIONEN \u00dcBER COOKIES Zweck dieser Richtlinie ist es, Sie in klarer und detaillierter Weise dar\u00fcber zu informieren, was ein Cookie ist, welchen Zweck es hat, welche Art von Cookies wir verwenden und wie Sie diese konfigurieren oder deaktivieren k\u00f6nnen. Wenn Sie im Internet surfen, k\u00f6nnen Sie in der Regel \u00fcber die Konfigurationsoptionen Ihres Browsers [&hellip;]<\/p>\n","protected":false},"author":2,"featured_media":0,"parent":0,"menu_order":0,"comment_status":"closed","ping_status":"open","template":"","meta":{"_et_pb_use_builder":"on","_et_pb_old_content":"","_et_gb_content_width":"","footnotes":""},"class_list":["post-2677","page","type-page","status-publish","hentry"],"_links":{"self":[{"href":"https:\/\/anavieja.com\/de\/wp-json\/wp\/v2\/pages\/2677","targetHints":{"allow":["GET"]}}],"collection":[{"href":"https:\/\/anavieja.com\/de\/wp-json\/wp\/v2\/pages"}],"about":[{"href":"https:\/\/anavieja.com\/de\/wp-json\/wp\/v2\/types\/page"}],"author":[{"embeddable":true,"href":"https:\/\/anavieja.com\/de\/wp-json\/wp\/v2\/users\/2"}],"replies":[{"embeddable":true,"href":"https:\/\/anavieja.com\/de\/wp-json\/wp\/v2\/comments?post=2677"}],"version-history":[{"count":8,"href":"https:\/\/anavieja.com\/de\/wp-json\/wp\/v2\/pages\/2677\/revisions"}],"predecessor-version":[{"id":2703,"href":"https:\/\/anavieja.com\/de\/wp-json\/wp\/v2\/pages\/2677\/revisions\/2703"}],"wp:attachment":[{"href":"https:\/\/anavieja.com\/de\/wp-json\/wp\/v2\/media?parent=2677"}],"curies":[{"name":"wp","href":"https:\/\/api.w.org\/{rel}","templated":true}]}}