{"id":2457,"date":"2022-10-11T07:43:57","date_gmt":"2022-10-11T07:43:57","guid":{"rendered":"https:\/\/anavieja.com\/silvester-snacks\/"},"modified":"2025-09-01T08:08:29","modified_gmt":"2025-09-01T08:08:29","slug":"silvester-snacks","status":"publish","type":"page","link":"https:\/\/anavieja.com\/de\/","title":{"rendered":"Startseite"},"content":{"rendered":"<p>[et_pb_section fb_built=&#8220;1&#8243; custom_padding_last_edited=&#8220;on|desktop&#8220; admin_label=&#8220;Header&#8220; _builder_version=&#8220;4.23.1&#8243; _module_preset=&#8220;default&#8220; background_enable_color=&#8220;off&#8220; background_enable_image=&#8220;off&#8220; background_size=&#8220;contain&#8220; background_position=&#8220;bottom_center&#8220; background_video_mp4=&#8220;https:\/\/anavieja.com\/wp-content\/uploads\/2023\/12\/VIEDEO-WEB-2-2.mp4&#8243; height=&#8220;935px&#8220; overflow-x=&#8220;hidden&#8220; overflow-y=&#8220;hidden&#8220; custom_padding=&#8220;0vh||0vh||false|false&#8220; custom_padding_tablet=&#8220;30vh||||false|false&#8220; custom_padding_phone=&#8220;125px||||false|false&#8220; animation_style=&#8220;fade&#8220; collapsed=&#8220;off&#8220; global_colors_info=&#8220;{}&#8220;][et_pb_row _builder_version=&#8220;4.23.1&#8243; _module_preset=&#8220;default&#8220; z_index=&#8220;10&#8243; custom_margin=&#8220;83vh|auto||auto|false|false&#8220; animation_style=&#8220;slide&#8220; animation_direction=&#8220;bottom&#8220; animation_delay=&#8220;250ms&#8220; custom_css_main_element=&#8220;||&#8220; global_colors_info=&#8220;{}&#8220;][et_pb_column type=&#8220;4_4&#8243; _builder_version=&#8220;4.23.1&#8243; _module_preset=&#8220;default&#8220; global_colors_info=&#8220;{}&#8220;][et_pb_text disabled_on=&#8220;on|on|on&#8220; _builder_version=&#8220;4.23.1&#8243; _module_preset=&#8220;c16985e1-e0d6-4022-964d-e2bfc04fa633&#8243; header_font=&#8220;Barlow|900|||||||&#8220; header_text_align=&#8220;center&#8220; header_text_color=&#8220;gcid-2b6c5eca-886b-4816-b7e0-f898160f23a2&#8243; header_font_size=&#8220;56px&#8220; header_line_height=&#8220;1.1em&#8220; custom_margin=&#8220;||9px|||&#8220; header_text_align_tablet=&#8220;center&#8220; header_text_align_phone=&#8220;center&#8220; header_text_align_last_edited=&#8220;on|tablet&#8220; header_font_size_tablet=&#8220;75px&#8220; header_font_size_phone=&#8220;24px&#8220; header_font_size_last_edited=&#8220;on|phone&#8220; header_text_shadow_style=&#8220;preset3&#8243; header_text_shadow_color=&#8220;#FFFFFF&#8220; disabled=&#8220;on&#8220; global_colors_info=&#8220;{%22gcid-2b6c5eca-886b-4816-b7e0-f898160f23a2%22:%91%22header_text_color%22%93}&#8220;]<\/p>\n<h1 class=\"et_pb_module_header\">APERITIVEN<br \/>DER ANAVIEJA<\/h1>\n<p>[\/et_pb_text][et_pb_text disabled_on=&#8220;on|on|on&#8220; _builder_version=&#8220;4.23.1&#8243; _module_preset=&#8220;518880c8-46c7-4ffa-b5a6-93ffa99dcc17&#8243; text_font=&#8220;Barlow||||||||&#8220; text_text_color=&#8220;#FFFFFF&#8220; text_font_size=&#8220;30px&#8220; text_line_height=&#8220;1em&#8220; text_orientation=&#8220;center&#8220; text_font_size_tablet=&#8220;34px&#8220; text_font_size_phone=&#8220;16px&#8220; text_font_size_last_edited=&#8220;on|phone&#8220; text_line_height_tablet=&#8220;1em&#8220; text_line_height_phone=&#8220;1em&#8220; text_line_height_last_edited=&#8220;on|desktop&#8220; text_orientation_tablet=&#8220;center&#8220; text_orientation_phone=&#8220;center&#8220; text_orientation_last_edited=&#8220;on|tablet&#8220; text_text_shadow_style=&#8220;preset3&#8243; text_text_shadow_color=&#8220;rgba(0,0,0,0.72)&#8220; disabled=&#8220;on&#8220; global_colors_info=&#8220;{}&#8220;]<\/p>\n<p>Nat\u00fcrliche und hochwertige Produkte<\/p>\n<p>[\/et_pb_text][et_pb_button button_url=&#8220;https:\/\/anavieja.com\/de\/produkte\/&#8220; button_text=&#8220;PRODUKTE SEHEN&#8220; button_alignment_tablet=&#8220;center&#8220; button_alignment_phone=&#8220;center&#8220; button_alignment_last_edited=&#8220;on|desktop&#8220; _builder_version=&#8220;4.23.1&#8243; _module_preset=&#8220;31b4f027-aaa0-4f2f-ae02-959764e19e4f&#8220; button_text_size=&#8220;17px&#8220; button_text_color=&#8220;#FFFFFF&#8220; button_border_width=&#8220;3px&#8220; button_border_color=&#8220;#ed903e&#8220; button_letter_spacing=&#8220;0.16em&#8220; button_font=&#8220;Barlow|900||on|||||&#8220; custom_padding=&#8220;12px|20px|12px|20px|true|true&#8220; global_colors_info=&#8220;{}&#8220; button_bg_color__hover=&#8220;#ed903e&#8220; button_bg_enable_color__hover=&#8220;on&#8220; button_text_color__hover=&#8220;#FFFFFF&#8220; button_border_color__hover_enabled=&#8220;off|desktop&#8220; button_border_color__hover=&#8220;#ed903e&#8220; button_border_width__hover_enabled=&#8220;off|desktop&#8220; button_border_width__hover=&#8220;3px&#8220; custom_padding__hover_enabled=&#8220;off|hover&#8220; custom_padding__hover=&#8220;|40px||20px|true|false&#8220; button_bg_color__hover_enabled=&#8220;off|desktop&#8220; button_text_color__hover_enabled=&#8220;off|desktop&#8220; button_border_radius__hover_enabled=&#8220;off|desktop&#8220; button_letter_spacing__hover_enabled=&#8220;off|desktop&#8220;][\/et_pb_button][\/et_pb_column][\/et_pb_row][\/et_pb_section][et_pb_section fb_built=&#8220;1&#8243; admin_label=&#8220;Menu&#8220; module_id=&#8220;unter&#8220; _builder_version=&#8220;4.18.0&#8243; _module_preset=&#8220;default&#8220; custom_margin=&#8220;35px||35px||false|false&#8220; custom_padding=&#8220;0px||2px|||&#8220; collapsed=&#8220;off&#8220; global_colors_info=&#8220;{}&#8220;][et_pb_row custom_padding_last_edited=&#8220;on|phone&#8220; _builder_version=&#8220;4.23.1&#8243; _module_preset=&#8220;default&#8220; width_tablet=&#8220;&#8220; width_phone=&#8220;90%&#8220; width_last_edited=&#8220;on|phone&#8220; max_width=&#8220;90%&#8220; custom_padding=&#8220;||12px|||&#8220; custom_padding_tablet=&#8220;&#8220; custom_padding_phone=&#8220;5px||5px||false|false&#8220; global_colors_info=&#8220;{}&#8220;][et_pb_column type=&#8220;4_4&#8243; _builder_version=&#8220;4.17.4&#8243; _module_preset=&#8220;default&#8220; global_colors_info=&#8220;{}&#8220;][et_pb_text _builder_version=&#8220;4.20.0&#8243; _module_preset=&#8220;c16985e1-e0d6-4022-964d-e2bfc04fa633&#8243; header_font=&#8220;Barlow|800|||||||&#8220; header_text_align=&#8220;center&#8220; header_text_color=&#8220;gcid-2b6c5eca-886b-4816-b7e0-f898160f23a2&#8243; header_font_size=&#8220;52px&#8220; header_line_height=&#8220;1.1em&#8220; custom_margin=&#8220;||9px|||&#8220; header_font_size_tablet=&#8220;52px&#8220; header_font_size_phone=&#8220;35px&#8220; header_font_size_last_edited=&#8220;on|phone&#8220; global_colors_info=&#8220;{%22gcid-2b6c5eca-886b-4816-b7e0-f898160f23a2%22:%91%22header_text_color%22%93}&#8220;]<\/p>\n<h1 class=\"et_pb_module_header\">Rein \u00f6kologische und nachhaltige Essenz<\/h1>\n<p>[\/et_pb_text][\/et_pb_column][\/et_pb_row][et_pb_row column_structure=&#8220;1_3,1_3,1_3&#8243; custom_padding_last_edited=&#8220;on|tablet&#8220; _builder_version=&#8220;4.18.0&#8243; _module_preset=&#8220;default&#8220; background_color=&#8220;#e2e2e2&#8243; background_image=&#8220;https:\/\/anavieja.com\/wp-content\/uploads\/2022\/10\/poke-restaurant-44-2.png&#8220; background_size=&#8220;contain&#8220; background_position=&#8220;top_center&#8220; width=&#8220;90%&#8220; custom_margin_phone=&#8220;||30px||false|false&#8220; custom_margin_last_edited=&#8220;off|tablet&#8220; custom_padding=&#8220;7px|50px|50px|50px|false|true&#8220; custom_padding_tablet=&#8220;30px|30px|30px|30px|true|true&#8220; custom_padding_phone=&#8220;20px|20px|20px|20px|false|true&#8220; animation_style=&#8220;fade&#8220; scroll_vertical_motion_enable=&#8220;on&#8220; scroll_vertical_motion=&#8220;0|55|55|100|1|0|0&#8243; motion_trigger_start=&#8220;top&#8220; background_color_tablet=&#8220;#e2e2e2&#8243; background_last_edited=&#8220;on|phone&#8220; background_enable_color_tablet=&#8220;on&#8220; border_radii=&#8220;off|||50px|50px&#8220; locked=&#8220;off&#8220; global_colors_info=&#8220;{}&#8220;][et_pb_column type=&#8220;1_3&#8243; _builder_version=&#8220;4.18.0&#8243; _module_preset=&#8220;default&#8220; custom_padding_tablet=&#8220;||30px||false|false&#8220; custom_padding_phone=&#8220;||30px||false|false&#8220; custom_padding_last_edited=&#8220;on|tablet&#8220; global_colors_info=&#8220;{}&#8220;][et_pb_image src=&#8220;https:\/\/anavieja.com\/wp-content\/uploads\/2022\/02\/imagenes-anavieja-01.webp&#8220; title_text=&#8220;Bilder a\u00f1avieja-01&#8243; align=&#8220;center&#8220; _builder_version=&#8220;4.18.0&#8243; _module_preset=&#8220;default&#8220; background_enable_color=&#8220;off&#8220; width=&#8220;70%&#8220; width_tablet=&#8220;50%&#8220; width_phone=&#8220;50%&#8220; width_last_edited=&#8220;on|tablet&#8220; max_width_tablet=&#8220;50%&#8220; max_width_phone=&#8220;50%&#8220; max_width_last_edited=&#8220;on|tablet&#8220; border_radii=&#8220;on|400px|400px|400px|400px&#8220; box_shadow_style=&#8220;preset4&#8243; box_shadow_horizontal=&#8220;0px&#8220; box_shadow_vertical=&#8220;8px&#8220; box_shadow_color=&#8220;#256aae&#8220; global_colors_info=&#8220;{}&#8220;][\/et_pb_image][et_pb_text _builder_version=&#8220;4.18.0&#8243; _module_preset=&#8220;4827deed-2a92-4d97-a22f-f01067ae6873&#8243; header_font=&#8220;||||||||&#8220; header_4_font=&#8220;Barlow|800|||||||&#8220; header_4_text_color=&#8220;#000000&#8243; header_4_font_size=&#8220;20px&#8220; header_4_line_height=&#8220;1.4em&#8220; text_orientation=&#8220;center&#8220; custom_margin=&#8220;||0px||false|false&#8220; header_4_font_size_tablet=&#8220;35px&#8220; header_4_font_size_phone=&#8220;24px&#8220; header_4_font_size_last_edited=&#8220;on|phone&#8220; global_colors_info=&#8220;{}&#8220;]<\/p>\n<h4 class=\"et_pb_module_header\"><span>\u00d6kologischer Landbau<\/span><\/h4>\n<div class=\"et_pb_blurb_description\"><\/div>\n<p>[\/et_pb_text][et_pb_text _builder_version=&#8220;4.18.0&#8243; _module_preset=&#8220;4c43b4b6-66bf-432d-959a-705bda24a650&#8243; text_font=&#8220;Barlow||||||||&#8220; text_text_color=&#8220;#000000&#8243; text_font_size=&#8220;16px&#8220; text_line_height=&#8220;1.3em&#8220; text_orientation=&#8220;center&#8220; custom_margin=&#8220;||0px||false|false&#8220; text_font_size_tablet=&#8220;20px&#8220; text_font_size_phone=&#8220;20px&#8220; text_font_size_last_edited=&#8220;on|phone&#8220; header_font_size_tablet=&#8220;55px&#8220; header_font_size_last_edited=&#8220;off|desktop&#8220; global_colors_info=&#8220;{}&#8220;]<\/p>\n<p><span>Aus eigener Produktion und in einer H\u00f6he von \u00fcber 1.000 Metern \u00fcber dem Meeresspiegel angebaut.<\/span><\/p>\n<p>[\/et_pb_text][\/et_pb_column][et_pb_column type=&#8220;1_3&#8243; _builder_version=&#8220;4.17.4&#8243; _module_preset=&#8220;default&#8220; custom_padding_tablet=&#8220;||30px||false|false&#8220; custom_padding_phone=&#8220;||30px||false|false&#8220; custom_padding_last_edited=&#8220;on|tablet&#8220; global_colors_info=&#8220;{}&#8220;][et_pb_image src=&#8220;https:\/\/anavieja.com\/wp-content\/uploads\/2022\/02\/imagenes-anavieja-02.webp&#8220; title_text=&#8220;Bilder a\u00f1avieja-02&#8243; align=&#8220;center&#8220; _builder_version=&#8220;4.18.0&#8243; _module_preset=&#8220;default&#8220; background_enable_image=&#8220;off&#8220; width=&#8220;70%&#8220; width_tablet=&#8220;50%&#8220; width_phone=&#8220;50%&#8220; width_last_edited=&#8220;on|tablet&#8220; max_width_tablet=&#8220;50%&#8220; max_width_phone=&#8220;50%&#8220; max_width_last_edited=&#8220;on|tablet&#8220; border_radii=&#8220;on|400px|400px|400px|400px&#8220; border_color_all=&#8220;#000000&#8243; border_width_bottom=&#8220;5px&#8220; border_color_bottom=&#8220;RGBA(255,255,255,0)&#8220; box_shadow_style=&#8220;preset4&#8243; box_shadow_horizontal=&#8220;0px&#8220; box_shadow_vertical=&#8220;8px&#8220; box_shadow_color=&#8220;#256aae&#8220; global_colors_info=&#8220;{}&#8220;][\/et_pb_image][et_pb_text _builder_version=&#8220;4.18.0&#8243; _module_preset=&#8220;4827deed-2a92-4d97-a22f-f01067ae6873&#8243; text_font=&#8220;Lato||||||||&#8220; text_text_color=&#8220;#000000&#8243; text_line_height=&#8220;1.3em&#8220; header_font=&#8220;||||||||&#8220; header_4_font=&#8220;Barlow|800|||||||&#8220; header_4_text_color=&#8220;#000000&#8243; header_4_font_size=&#8220;20px&#8220; header_4_line_height=&#8220;1.4em&#8220; text_orientation=&#8220;center&#8220; custom_margin=&#8220;||0px||false|false&#8220; text_font_size_tablet=&#8220;20px&#8220; text_font_size_phone=&#8220;12px&#8220; text_font_size_last_edited=&#8220;on|phone&#8220; header_4_font_size_tablet=&#8220;35px&#8220; header_4_font_size_phone=&#8220;24px&#8220; header_4_font_size_last_edited=&#8220;on|phone&#8220; global_colors_info=&#8220;{}&#8220;]<\/p>\n<h4>Prozesskontrolle<\/h4>\n<p>[\/et_pb_text][et_pb_text _builder_version=&#8220;4.18.0&#8243; _module_preset=&#8220;4c43b4b6-66bf-432d-959a-705bda24a650&#8243; text_font=&#8220;Barlow||||||||&#8220; text_text_color=&#8220;#000000&#8243; text_font_size=&#8220;16px&#8220; text_line_height=&#8220;1.3em&#8220; text_orientation=&#8220;center&#8220; custom_margin=&#8220;||0px||false|false&#8220; text_font_size_tablet=&#8220;20px&#8220; text_font_size_phone=&#8220;20px&#8220; text_font_size_last_edited=&#8220;on|phone&#8220; header_font_size_tablet=&#8220;55px&#8220; header_font_size_last_edited=&#8220;off|desktop&#8220; global_colors_info=&#8220;{}&#8220;]<\/p>\n<p><span>Aussaat, Ernte, Lagerung und Produktion<\/span><\/p>\n<p>[\/et_pb_text][\/et_pb_column][et_pb_column type=&#8220;1_3&#8243; _builder_version=&#8220;4.17.4&#8243; _module_preset=&#8220;default&#8220; custom_padding_tablet=&#8220;||30px||false|false&#8220; custom_padding_phone=&#8220;||30px||false|false&#8220; custom_padding_last_edited=&#8220;on|tablet&#8220; global_colors_info=&#8220;{}&#8220;][et_pb_image src=&#8220;https:\/\/anavieja.com\/wp-content\/uploads\/2022\/02\/imagenes-anavieja-03.webp&#8220; title_text=&#8220;bilder der silvesternacht-03&#8243; align=&#8220;center&#8220; _builder_version=&#8220;4.18.0&#8243; _module_preset=&#8220;default&#8220; width=&#8220;70%&#8220; width_tablet=&#8220;50%&#8220; width_phone=&#8220;50%&#8220; width_last_edited=&#8220;on|tablet&#8220; max_width_tablet=&#8220;50%&#8220; max_width_phone=&#8220;50%&#8220; max_width_last_edited=&#8220;on|tablet&#8220; border_radii=&#8220;on|400px|400px|400px|400px&#8220; border_color_all=&#8220;RGBA(255,255,255,0)&#8220; border_width_bottom=&#8220;5px&#8220; box_shadow_style=&#8220;preset4&#8243; box_shadow_horizontal=&#8220;0px&#8220; box_shadow_vertical=&#8220;8px&#8220; box_shadow_color=&#8220;#256aae&#8220; global_colors_info=&#8220;{}&#8220;][\/et_pb_image][et_pb_text _builder_version=&#8220;4.18.0&#8243; _module_preset=&#8220;4827deed-2a92-4d97-a22f-f01067ae6873&#8243; header_font=&#8220;||||||||&#8220; header_4_font=&#8220;Barlow|800|||||||&#8220; header_4_text_color=&#8220;#000000&#8243; header_4_font_size=&#8220;20px&#8220; header_4_line_height=&#8220;1.4em&#8220; text_orientation=&#8220;center&#8220; custom_margin=&#8220;||0px||false|false&#8220; header_4_font_size_tablet=&#8220;35px&#8220; header_4_font_size_phone=&#8220;24px&#8220; header_4_font_size_last_edited=&#8220;on|phone&#8220; global_colors_info=&#8220;{}&#8220;]<\/p>\n<h4>Rohmaterialien<\/h4>\n<p>[\/et_pb_text][et_pb_text _builder_version=&#8220;4.18.0&#8243; _module_preset=&#8220;4c43b4b6-66bf-432d-959a-705bda24a650&#8243; text_font=&#8220;Barlow||||||||&#8220; text_text_color=&#8220;#000000&#8243; text_font_size=&#8220;16px&#8220; text_line_height=&#8220;1.3em&#8220; text_orientation=&#8220;center&#8220; custom_margin=&#8220;||0px||false|false&#8220; text_font_size_tablet=&#8220;20px&#8220; text_font_size_phone=&#8220;20px&#8220; text_font_size_last_edited=&#8220;on|phone&#8220; header_font_size_tablet=&#8220;55px&#8220; header_font_size_last_edited=&#8220;off|desktop&#8220; global_colors_info=&#8220;{}&#8220;]<\/p>\n<p><span>Wir w\u00e4hlen die Besten f\u00fcr die Herstellung unserer Produkte aus<\/span><\/p>\n<p>[\/et_pb_text][\/et_pb_column][\/et_pb_row][\/et_pb_section][et_pb_section fb_built=&#8220;1&#8243; disabled_on=&#8220;on|on|on&#8220; admin_label=&#8220;How it Works&#8220; _builder_version=&#8220;4.18.0&#8243; _module_preset=&#8220;default&#8220; custom_padding=&#8220;80px||9px|||&#8220; disabled=&#8220;on&#8220; collapsed=&#8220;on&#8220; global_colors_info=&#8220;{}&#8220; body_font_size_tablet=&#8220;20px&#8220; body_font_size_phone=&#8220;20px&#8220; body_font_size_last_edited=&#8220;on|phone&#8220;][et_pb_row custom_padding_last_edited=&#8220;on|phone&#8220; _builder_version=&#8220;4.18.0&#8243; _module_preset=&#8220;default&#8220; width_tablet=&#8220;&#8220; width_phone=&#8220;90%&#8220; width_last_edited=&#8220;on|phone&#8220; max_width=&#8220;90%&#8220; custom_padding_tablet=&#8220;&#8220; custom_padding_phone=&#8220;5px||5px||false|false&#8220; global_colors_info=&#8220;{}&#8220;][et_pb_column type=&#8220;4_4&#8243; _builder_version=&#8220;4.17.4&#8243; _module_preset=&#8220;default&#8220; global_colors_info=&#8220;{}&#8220;][et_pb_text admin_label=&#8220;Texto&#8220; _builder_version=&#8220;4.18.0&#8243; _module_preset=&#8220;c16985e1-e0d6-4022-964d-e2bfc04fa633&#8243; header_font=&#8220;Barlow|800|||||||&#8220; header_text_align=&#8220;center&#8220; header_text_color=&#8220;#256aae&#8220; header_font_size=&#8220;52px&#8220; header_line_height=&#8220;1.1em&#8220; custom_margin=&#8220;||9px|||&#8220; header_font_size_tablet=&#8220;52px&#8220; header_font_size_phone=&#8220;35px&#8220; header_font_size_last_edited=&#8220;on|phone&#8220; global_colors_info=&#8220;{}&#8220;]<\/p>\n<h1 class=\"et_pb_module_header\">Neueste Nachrichten<\/h1>\n<p>[\/et_pb_text][\/et_pb_column][\/et_pb_row][et_pb_row _builder_version=&#8220;4.18.0&#8243; _module_preset=&#8220;default&#8220; global_colors_info=&#8220;{}&#8220;][et_pb_column type=&#8220;4_4&#8243; _builder_version=&#8220;4.17.4&#8243; _module_preset=&#8220;default&#8220; global_colors_info=&#8220;{}&#8220;][et_pb_blog fullwidth=&#8220;off&#8220; posts_number=&#8220;3&#8243; excerpt_length=&#8220;100&#8243; show_more=&#8220;on&#8220; show_author=&#8220;off&#8220; show_categories=&#8220;off&#8220; show_pagination=&#8220;off&#8220; masonry_tile_background_color=&#8220;#e2e2e2&#8243; _builder_version=&#8220;4.18.0&#8243; _module_preset=&#8220;default&#8220; header_font=&#8220;Barlow|900|||||||&#8220; header_text_color=&#8220;#256aae&#8220; header_font_size=&#8220;25px&#8220; body_font=&#8220;Barlow||||||||&#8220; body_text_color=&#8220;#000000&#8243; body_font_size=&#8220;16px&#8220; body_line_height=&#8220;1.3em&#8220; meta_font=&#8220;Barlow|300|||||||&#8220; meta_font_size=&#8220;21px&#8220; read_more_font=&#8220;Barlow|700|||on||||&#8220; read_more_text_color=&#8220;#ed903d&#8220; read_more_font_size=&#8220;19px&#8220; read_more_line_height=&#8220;2em&#8220; custom_margin=&#8220;||0px|||&#8220; border_radii=&#8220;on|50px|50px|50px|50px&#8220; global_colors_info=&#8220;{}&#8220;][\/et_pb_blog][et_pb_button button_url=&#8220;https:\/\/anavieja.com\/de\/nachrichten\/&#8220; button_text=&#8220;NACHRICHTEN ANSEHEN&#8220; button_alignment_tablet=&#8220;center&#8220; button_alignment_phone=&#8220;center&#8220; button_alignment_last_edited=&#8220;on|tablet&#8220; _builder_version=&#8220;4.18.0&#8243; _module_preset=&#8220;31b4f027-aaa0-4f2f-ae02-959764e19e4f&#8220; button_text_size=&#8220;17px&#8220; button_text_color=&#8220;#256aae&#8220; button_bg_color=&#8220;RGBA(255,255,255,0)&#8220; button_border_width=&#8220;3px&#8220; button_border_color=&#8220;#256aae&#8220; button_letter_spacing=&#8220;0.16em&#8220; button_font=&#8220;Barlow|900||on|||||&#8220; custom_padding=&#8220;12px|20px|12px|20px|true|true&#8220; global_colors_info=&#8220;{}&#8220; button_bg_color__hover=&#8220;#ed903e&#8220; button_bg_enable_color__hover=&#8220;on&#8220; button_text_color__hover=&#8220;#FFFFFF&#8220; button_border_color__hover_enabled=&#8220;on|hover&#8220; button_border_color__hover=&#8220;#ed903e&#8220; button_border_width__hover_enabled=&#8220;on|hover&#8220; button_border_width__hover=&#8220;3px&#8220; custom_padding__hover_enabled=&#8220;off|desktop&#8220; custom_padding__hover=&#8220;|40px||20px|true|false&#8220;][\/et_pb_button][\/et_pb_column][\/et_pb_row][\/et_pb_section]<\/p>\n","protected":false},"excerpt":{"rendered":"<p>APERITIVENDER ANAVIEJANat\u00fcrliche und hochwertige ProdukteRein \u00f6kologische und nachhaltige Essenz\u00d6kologischer Landbau Aus eigener Produktion und in einer H\u00f6he von \u00fcber 1.000 Metern \u00fcber dem Meeresspiegel angebaut.ProzesskontrolleAussaat, Ernte, Lagerung und ProduktionRohmaterialienWir w\u00e4hlen die Besten f\u00fcr die Herstellung unserer Produkte ausNeueste Nachrichten<\/p>\n","protected":false},"author":2,"featured_media":0,"parent":0,"menu_order":0,"comment_status":"closed","ping_status":"closed","template":"","meta":{"_et_pb_use_builder":"on","_et_pb_old_content":"","_et_gb_content_width":"","footnotes":""},"class_list":["post-2457","page","type-page","status-publish","hentry"],"_links":{"self":[{"href":"https:\/\/anavieja.com\/de\/wp-json\/wp\/v2\/pages\/2457","targetHints":{"allow":["GET"]}}],"collection":[{"href":"https:\/\/anavieja.com\/de\/wp-json\/wp\/v2\/pages"}],"about":[{"href":"https:\/\/anavieja.com\/de\/wp-json\/wp\/v2\/types\/page"}],"author":[{"embeddable":true,"href":"https:\/\/anavieja.com\/de\/wp-json\/wp\/v2\/users\/2"}],"replies":[{"embeddable":true,"href":"https:\/\/anavieja.com\/de\/wp-json\/wp\/v2\/comments?post=2457"}],"version-history":[{"count":47,"href":"https:\/\/anavieja.com\/de\/wp-json\/wp\/v2\/pages\/2457\/revisions"}],"predecessor-version":[{"id":4004,"href":"https:\/\/anavieja.com\/de\/wp-json\/wp\/v2\/pages\/2457\/revisions\/4004"}],"wp:attachment":[{"href":"https:\/\/anavieja.com\/de\/wp-json\/wp\/v2\/media?parent=2457"}],"curies":[{"name":"wp","href":"https:\/\/api.w.org\/{rel}","templated":true}]}}